{"id":103,"date":"2021-11-05T13:14:44","date_gmt":"2021-11-05T11:14:44","guid":{"rendered":"https:\/\/somosnomadas.yonomad.app\/?page_id=103"},"modified":"2022-03-18T09:07:17","modified_gmt":"2022-03-18T07:07:17","slug":"contacta-con-nosotros","status":"publish","type":"page","link":"https:\/\/somosnomadas.yonomad.app\/?page_id=103","title":{"rendered":"Contacto"},"content":{"rendered":"\t\t<div data-elementor-type=\"wp-page\" data-elementor-id=\"103\" class=\"elementor elementor-103\">\n\t\t\t\t\t\t\t\t\t<section class=\"elementor-section elementor-top-section elementor-element elementor-element-ec23703 elementor-section-boxed elementor-section-height-default elementor-section-height-default\" data-id=\"ec23703\" data-element_type=\"section\">\n\t\t\t\t\t\t<div class=\"elementor-container elementor-column-gap-default\">\n\t\t\t\t\t<div class=\"elementor-column elementor-col-50 elementor-top-column elementor-element elementor-element-fa3931b\" data-id=\"fa3931b\" data-element_type=\"column\">\n\t\t\t<div class=\"elementor-widget-wrap elementor-element-populated\">\n\t\t\t\t\t\t\t\t<div class=\"elementor-element elementor-element-5894d23 elementor-widget elementor-widget-text-editor\" data-id=\"5894d23\" data-element_type=\"widget\" data-widget_type=\"text-editor.default\">\n\t\t\t\t<div class=\"elementor-widget-container\">\n\t\t\t<style>\/*! elementor - v3.6.0 - 21-03-2022 *\/\n.elementor-widget-text-editor.elementor-drop-cap-view-stacked .elementor-drop-cap{background-color:#818a91;color:#fff}.elementor-widget-text-editor.elementor-drop-cap-view-framed .elementor-drop-cap{color:#818a91;border:3px solid;background-color:transparent}.elementor-widget-text-editor:not(.elementor-drop-cap-view-default) .elementor-drop-cap{margin-top:8px}.elementor-widget-text-editor:not(.elementor-drop-cap-view-default) .elementor-drop-cap-letter{width:1em;height:1em}.elementor-widget-text-editor .elementor-drop-cap{float:left;text-align:center;line-height:1;font-size:50px}.elementor-widget-text-editor .elementor-drop-cap-letter{display:inline-block}<\/style>\t\t\t\t<div class=\"wpforms-container wpforms-container-full\" id=\"wpforms-1330\"><form id=\"wpforms-form-1330\" class=\"wpforms-validate wpforms-form wpforms-ajax-form\" data-formid=\"1330\" method=\"post\" enctype=\"multipart\/form-data\" action=\"\/index.php?rest_route=%2Fwp%2Fv2%2Fpages%2F103\" data-token=\"ef4a2e8848fb108c942bfce64bfb4873\"><noscript class=\"wpforms-error-noscript\">Por favor, activa JavaScript en tu navegador para completar este formulario.<\/noscript><div class=\"wpforms-field-container\"><div id=\"wpforms-1330-field_0-container\" class=\"wpforms-field wpforms-field-name\" data-field-id=\"0\"><label class=\"wpforms-field-label\" for=\"wpforms-1330-field_0\">Nombre <span class=\"wpforms-required-label\">*<\/span><\/label><div class=\"wpforms-field-row wpforms-field-large\"><div class=\"wpforms-field-row-block wpforms-first wpforms-one-half\"><input type=\"text\" id=\"wpforms-1330-field_0\" class=\"wpforms-field-name-first wpforms-field-required\" name=\"wpforms[fields][0][first]\" required><label for=\"wpforms-1330-field_0\" class=\"wpforms-field-sublabel after \">Nombre<\/label><\/div><div class=\"wpforms-field-row-block wpforms-one-half\"><input type=\"text\" id=\"wpforms-1330-field_0-last\" class=\"wpforms-field-name-last wpforms-field-required\" name=\"wpforms[fields][0][last]\" required><label for=\"wpforms-1330-field_0-last\" class=\"wpforms-field-sublabel after \">Apellidos<\/label><\/div><\/div><\/div><div id=\"wpforms-1330-field_1-container\" class=\"wpforms-field wpforms-field-email\" data-field-id=\"1\"><label class=\"wpforms-field-label\" for=\"wpforms-1330-field_1\">Correo electr\u00f3nico <span class=\"wpforms-required-label\">*<\/span><\/label><input type=\"email\" id=\"wpforms-1330-field_1\" class=\"wpforms-field-large wpforms-field-required\" name=\"wpforms[fields][1]\" required><\/div><div id=\"wpforms-1330-field_2-container\" class=\"wpforms-field wpforms-field-textarea\" data-field-id=\"2\"><label class=\"wpforms-field-label\" for=\"wpforms-1330-field_2\">Mensaje <span class=\"wpforms-required-label\">*<\/span><\/label><textarea id=\"wpforms-1330-field_2\" class=\"wpforms-field-large wpforms-field-required\" name=\"wpforms[fields][2]\" required><\/textarea><\/div><div id=\"wpforms-1330-field_5-container\" class=\"wpforms-field wpforms-field-checkbox\" data-field-id=\"5\"><label class=\"wpforms-field-label wpforms-label-hide\" for=\"wpforms-1330-field_5\">Casillas de verificaci\u00f3n <span class=\"wpforms-required-label\">*<\/span><\/label><ul id=\"wpforms-1330-field_5\" class=\"wpforms-field-required\"><li class=\"choice-1 depth-1\"><input type=\"checkbox\" id=\"wpforms-1330-field_5_1\" name=\"wpforms[fields][5][]\" value=\"Marcado\" required ><label class=\"wpforms-field-label-inline\" for=\"wpforms-1330-field_5_1\"><\/label><\/li><\/ul><div class=\"wpforms-field-description\">He le\u00eddo y aceptado la <a href=\"https:\/\/somosnomadas.yonomad.app\/?page_id=391\" target=\"_blank\">Pol\u00edtica de cookies <\/a>y la <a href=\"https:\/\/somosnomadas.yonomad.app\/?page_id=392\" target=\"_blank\">Pol\u00edtica de Datos<\/a><\/div><\/div><\/div><div class=\"wpforms-submit-container\"><input type=\"hidden\" name=\"wpforms[id]\" value=\"1330\"><input type=\"hidden\" name=\"wpforms[author]\" value=\"5\"><button type=\"submit\" name=\"wpforms[submit]\" id=\"wpforms-submit-1330\" class=\"wpforms-submit\" data-alt-text=\"Enviando\" data-submit-text=\"Enviar\" aria-live=\"assertive\" value=\"wpforms-submit\">Enviar<\/button><img loading=\"lazy\" src=\"https:\/\/somosnomadas.yonomad.app\/wp-content\/plugins\/wpforms-lite\/assets\/images\/submit-spin.svg\" class=\"wpforms-submit-spinner\" style=\"display: none;\" width=\"26\" height=\"26\" alt=\"\"><\/div><\/form><\/div>  <!-- .wpforms-container -->\t\t\t\t\t\t<\/div>\n\t\t\t\t<\/div>\n\t\t\t\t\t<\/div>\n\t\t<\/div>\n\t\t\t\t<div class=\"elementor-column elementor-col-50 elementor-top-column elementor-element elementor-element-bc09015\" data-id=\"bc09015\" data-element_type=\"column\">\n\t\t\t<div class=\"elementor-widget-wrap elementor-element-populated\">\n\t\t\t\t\t\t\t\t<div class=\"elementor-element elementor-element-d334745 elementor-widget elementor-widget-text-editor\" data-id=\"d334745\" data-element_type=\"widget\" data-widget_type=\"text-editor.default\">\n\t\t\t\t<div class=\"elementor-widget-container\">\n\t\t\t\t\t\t\t<h5>Encu\u00e9ntranos:<\/h5>\t\t\t\t<input type=\"hidden\" id=\"wp_mapbox_gl_js_wordpress_url\" value='https:\/\/somosnomadas.yonomad.app' \/>\n\t\t\t\t<input type=\"hidden\" id=\"wp_mapbox_gl_js_plugin_url\" value='https:\/\/somosnomadas.yonomad.app\/wp-content\/plugins' \/>\n\t\t\t\t<div\n\t\t\t\t\tid='wp_mapbox_gl_js_map-902700674'\n\t\t\t\t\tstyle='height:400px;width:100%'\n\t\t\t\t\tdata-center='-0.10570542711821,38.54254178698'\n\t\t\t\t\tdata-zoom='13.801871695682'\n\t\t\t\t\tdata-scroll-zoom='true'\n\t\t\t\t\tdata-pitch='0'\n\t\t\t\t\tdata-bearing='0'\n\t\t\t\t\tdata-style='mapbox:\/\/styles\/mapbox\/streets-v10'\n\t\t\t\t\tdata-controls='{\"navigation\":true,\"geocoder\":false,\"fullscreen\":true,\"scale\":false,\"directions\":false,\"scrollZoom\":true,\"categoryFilter\":false,\"layerFilter\":false,\"preFillInput\":false,\"geolocaterControl\":true,\"locationSidebar\":false,\"markerNoDisappear\":false,\"clusterMarkers\":false}'\n\t\t\t\t\tdata-mapdata='[{&quot;type&quot;:&quot;Feature&quot;,&quot;id&quot;:&quot;-0.109349235563141,38.5387987667963&quot;,&quot;geometry&quot;:{&quot;type&quot;:&quot;Point&quot;,&quot;coordinates&quot;:[-0.109349235563141,38.5387987667963]},&quot;properties&quot;:{&quot;name&quot;:&quot;&quot;,&quot;description&quot;:&quot;&lt;p&gt;Av. Juan Fuster Zaragoza, 3, 03503 Benidorm, Alicante&lt;\\\/p&gt;&quot;,&quot;color&quot;:&quot;#333&quot;,&quot;marker_icon_url&quot;:&quot;https:\\\/\\\/somosnomadas.yonomad.app\\\/wp-content\\\/plugins\\\/wp-mapbox-gl-js\\\/admin\\\/wp-mapmaker\\\/public\\\/img\\\/defaults\\\/green_hole.png-wp_mapbox_gl_js_sizing-100-100&quot;,&quot;marker_icon_anchor&quot;:&quot;bottom&quot;,&quot;marker_title&quot;:&quot;ESTAMOS AQU\\u00cd&quot;,&quot;category&quot;:&quot;&quot;,&quot;opacity&quot;:0.4,&quot;popup_open&quot;:true}}]'\n\t\t\t\t\tdata-token='pk.eyJ1IjoieWFuYTA3IiwiYSI6ImNrdjBycDBrcTAxamQyb21vZmxjYWZyY2EifQ.oPtjREdk1ZuzzTCtuaRi7g'\n\t\t\t\t\tdata-map-categories='[]'\n\t\t\t\t\tdata-map-origin='\"\"'\n\t\t\t\t\tdata-map-destination='\"\"'\n\t\t\t\t\tdata-map-layers-filter='[]'\n\t\t\t\t\tclass=\"wp-mapbox-gl-js-map\" ><\/div>\n\t\t\t\t\t\t\t\t\t<\/div>\n\t\t\t\t<\/div>\n\t\t\t\t\t<\/div>\n\t\t<\/div>\n\t\t\t\t\t\t\t<\/div>\n\t\t<\/section>\n\t\t\t\t\t\t\t<\/div>\n\t\t","protected":false},"excerpt":{"rendered":"<p>Encu\u00e9ntranos:<\/p>\n","protected":false},"author":5,"featured_media":0,"parent":0,"menu_order":0,"comment_status":"closed","ping_status":"closed","template":"","meta":{"wp_mapbox_gl_js_media":[],"neve_meta_sidebar":"","neve_meta_container":"","neve_meta_enable_content_width":"","neve_meta_content_width":0,"neve_meta_title_alignment":"","neve_meta_author_avatar":"","neve_post_elements_order":"","neve_meta_disable_header":"","neve_meta_disable_footer":"","neve_meta_disable_title":""},"yoast_head":"<!-- This site is optimized with the Yoast SEO plugin v18.4.1 - https:\/\/yoast.com\/wordpress\/plugins\/seo\/ -->\n<title>Contacta con nosotros - Somos N\u00f3madas<\/title>\n<meta name=\"description\" content=\"Contacta con nosotros para obtener m\u00e1s informaci\u00f3n sobre la Asociaci\u00f3n Internacional de N\u00f3madas Digitales y Corporativos &quot;Somos N\u00f3madas&quot;.\" \/>\n<meta name=\"robots\" content=\"index, follow, max-snippet:-1, max-image-preview:large, max-video-preview:-1\" \/>\n<link rel=\"canonical\" href=\"https:\/\/somosnomadas.yonomad.app\/?page_id=103\" \/>\n<meta property=\"og:locale\" content=\"es_ES\" \/>\n<meta property=\"og:type\" content=\"article\" \/>\n<meta property=\"og:title\" content=\"Contacta con nosotros - Somos N\u00f3madas\" \/>\n<meta property=\"og:description\" content=\"Contacta con nosotros para obtener m\u00e1s informaci\u00f3n sobre la Asociaci\u00f3n Internacional de N\u00f3madas Digitales y Corporativos &quot;Somos N\u00f3madas&quot;.\" \/>\n<meta property=\"og:url\" content=\"https:\/\/somosnomadas.yonomad.app\/?page_id=103\" \/>\n<meta property=\"og:site_name\" content=\"Somos N\u00f3madas\" \/>\n<meta property=\"article:modified_time\" content=\"2022-03-18T07:07:17+00:00\" \/>\n<meta name=\"twitter:card\" content=\"summary_large_image\" \/>\n<meta name=\"twitter:label1\" content=\"Tiempo de lectura\" \/>\n\t<meta name=\"twitter:data1\" content=\"1 minuto\" \/>\n<script type=\"application\/ld+json\" class=\"yoast-schema-graph\">{\"@context\":\"https:\/\/schema.org\",\"@graph\":[{\"@type\":\"Organization\",\"@id\":\"https:\/\/somosnomadas.yonomad.app\/#organization\",\"name\":\"Somos Nomadas\",\"url\":\"https:\/\/somosnomadas.yonomad.app\/\",\"sameAs\":[],\"logo\":{\"@type\":\"ImageObject\",\"@id\":\"https:\/\/somosnomadas.yonomad.app\/#logo\",\"inLanguage\":\"es\",\"url\":\"https:\/\/somosnomadas.yonomad.app\/wp-content\/uploads\/2021\/11\/logo-final-copia.png\",\"contentUrl\":\"https:\/\/somosnomadas.yonomad.app\/wp-content\/uploads\/2021\/11\/logo-final-copia.png\",\"width\":155,\"height\":144,\"caption\":\"Somos Nomadas\"},\"image\":{\"@id\":\"https:\/\/somosnomadas.yonomad.app\/#logo\"}},{\"@type\":\"WebSite\",\"@id\":\"https:\/\/somosnomadas.yonomad.app\/#website\",\"url\":\"https:\/\/somosnomadas.yonomad.app\/\",\"name\":\"Somos N\u00f3madas\",\"description\":\"Comunidad de N\u00f3madas Digitales\",\"publisher\":{\"@id\":\"https:\/\/somosnomadas.yonomad.app\/#organization\"},\"potentialAction\":[{\"@type\":\"SearchAction\",\"target\":{\"@type\":\"EntryPoint\",\"urlTemplate\":\"https:\/\/somosnomadas.yonomad.app\/?s={search_term_string}\"},\"query-input\":\"required name=search_term_string\"}],\"inLanguage\":\"es\"},{\"@type\":\"WebPage\",\"@id\":\"https:\/\/somosnomadas.yonomad.app\/?page_id=103#webpage\",\"url\":\"https:\/\/somosnomadas.yonomad.app\/?page_id=103\",\"name\":\"Contacta con nosotros - Somos N\u00f3madas\",\"isPartOf\":{\"@id\":\"https:\/\/somosnomadas.yonomad.app\/#website\"},\"datePublished\":\"2021-11-05T11:14:44+00:00\",\"dateModified\":\"2022-03-18T07:07:17+00:00\",\"description\":\"Contacta con nosotros para obtener m\u00e1s informaci\u00f3n sobre la Asociaci\u00f3n Internacional de N\u00f3madas Digitales y Corporativos \\\"Somos N\u00f3madas\\\".\",\"breadcrumb\":{\"@id\":\"https:\/\/somosnomadas.yonomad.app\/?page_id=103#breadcrumb\"},\"inLanguage\":\"es\",\"potentialAction\":[{\"@type\":\"ReadAction\",\"target\":[\"https:\/\/somosnomadas.yonomad.app\/?page_id=103\"]}]},{\"@type\":\"BreadcrumbList\",\"@id\":\"https:\/\/somosnomadas.yonomad.app\/?page_id=103#breadcrumb\",\"itemListElement\":[{\"@type\":\"ListItem\",\"position\":1,\"name\":\"Portada\",\"item\":\"https:\/\/somosnomadas.yonomad.app\/\"},{\"@type\":\"ListItem\",\"position\":2,\"name\":\"Contacto\"}]}]}<\/script>\n<!-- \/ Yoast SEO plugin. -->","yoast_head_json":{"title":"Contacta con nosotros - Somos N\u00f3madas","description":"Contacta con nosotros para obtener m\u00e1s informaci\u00f3n sobre la Asociaci\u00f3n Internacional de N\u00f3madas Digitales y Corporativos \"Somos N\u00f3madas\".","robots":{"index":"index","follow":"follow","max-snippet":"max-snippet:-1","max-image-preview":"max-image-preview:large","max-video-preview":"max-video-preview:-1"},"canonical":"https:\/\/somosnomadas.yonomad.app\/?page_id=103","og_locale":"es_ES","og_type":"article","og_title":"Contacta con nosotros - Somos N\u00f3madas","og_description":"Contacta con nosotros para obtener m\u00e1s informaci\u00f3n sobre la Asociaci\u00f3n Internacional de N\u00f3madas Digitales y Corporativos \"Somos N\u00f3madas\".","og_url":"https:\/\/somosnomadas.yonomad.app\/?page_id=103","og_site_name":"Somos N\u00f3madas","article_modified_time":"2022-03-18T07:07:17+00:00","twitter_card":"summary_large_image","twitter_misc":{"Tiempo de lectura":"1 minuto"},"schema":{"@context":"https:\/\/schema.org","@graph":[{"@type":"Organization","@id":"https:\/\/somosnomadas.yonomad.app\/#organization","name":"Somos Nomadas","url":"https:\/\/somosnomadas.yonomad.app\/","sameAs":[],"logo":{"@type":"ImageObject","@id":"https:\/\/somosnomadas.yonomad.app\/#logo","inLanguage":"es","url":"https:\/\/somosnomadas.yonomad.app\/wp-content\/uploads\/2021\/11\/logo-final-copia.png","contentUrl":"https:\/\/somosnomadas.yonomad.app\/wp-content\/uploads\/2021\/11\/logo-final-copia.png","width":155,"height":144,"caption":"Somos Nomadas"},"image":{"@id":"https:\/\/somosnomadas.yonomad.app\/#logo"}},{"@type":"WebSite","@id":"https:\/\/somosnomadas.yonomad.app\/#website","url":"https:\/\/somosnomadas.yonomad.app\/","name":"Somos N\u00f3madas","description":"Comunidad de N\u00f3madas Digitales","publisher":{"@id":"https:\/\/somosnomadas.yonomad.app\/#organization"},"potentialAction":[{"@type":"SearchAction","target":{"@type":"EntryPoint","urlTemplate":"https:\/\/somosnomadas.yonomad.app\/?s={search_term_string}"},"query-input":"required name=search_term_string"}],"inLanguage":"es"},{"@type":"WebPage","@id":"https:\/\/somosnomadas.yonomad.app\/?page_id=103#webpage","url":"https:\/\/somosnomadas.yonomad.app\/?page_id=103","name":"Contacta con nosotros - Somos N\u00f3madas","isPartOf":{"@id":"https:\/\/somosnomadas.yonomad.app\/#website"},"datePublished":"2021-11-05T11:14:44+00:00","dateModified":"2022-03-18T07:07:17+00:00","description":"Contacta con nosotros para obtener m\u00e1s informaci\u00f3n sobre la Asociaci\u00f3n Internacional de N\u00f3madas Digitales y Corporativos \"Somos N\u00f3madas\".","breadcrumb":{"@id":"https:\/\/somosnomadas.yonomad.app\/?page_id=103#breadcrumb"},"inLanguage":"es","potentialAction":[{"@type":"ReadAction","target":["https:\/\/somosnomadas.yonomad.app\/?page_id=103"]}]},{"@type":"BreadcrumbList","@id":"https:\/\/somosnomadas.yonomad.app\/?page_id=103#breadcrumb","itemListElement":[{"@type":"ListItem","position":1,"name":"Portada","item":"https:\/\/somosnomadas.yonomad.app\/"},{"@type":"ListItem","position":2,"name":"Contacto"}]}]}},"_links":{"self":[{"href":"https:\/\/somosnomadas.yonomad.app\/index.php?rest_route=\/wp\/v2\/pages\/103"}],"collection":[{"href":"https:\/\/somosnomadas.yonomad.app\/index.php?rest_route=\/wp\/v2\/pages"}],"about":[{"href":"https:\/\/somosnomadas.yonomad.app\/index.php?rest_route=\/wp\/v2\/types\/page"}],"author":[{"embeddable":true,"href":"https:\/\/somosnomadas.yonomad.app\/index.php?rest_route=\/wp\/v2\/users\/5"}],"replies":[{"embeddable":true,"href":"https:\/\/somosnomadas.yonomad.app\/index.php?rest_route=%2Fwp%2Fv2%2Fcomments&post=103"}],"version-history":[{"count":26,"href":"https:\/\/somosnomadas.yonomad.app\/index.php?rest_route=\/wp\/v2\/pages\/103\/revisions"}],"predecessor-version":[{"id":1407,"href":"https:\/\/somosnomadas.yonomad.app\/index.php?rest_route=\/wp\/v2\/pages\/103\/revisions\/1407"}],"wp:attachment":[{"href":"https:\/\/somosnomadas.yonomad.app\/index.php?rest_route=%2Fwp%2Fv2%2Fmedia&parent=103"}],"curies":[{"name":"wp","href":"https:\/\/api.w.org\/{rel}","templated":true}]}}